{"id":3274,"date":"2025-12-23T13:20:35","date_gmt":"2025-12-23T12:20:35","guid":{"rendered":"https:\/\/www.neurotouchhealingprague.com\/oblast-pro-pacienty\/"},"modified":"2026-02-17T19:26:32","modified_gmt":"2026-02-17T18:26:32","slug":"oblast-pro-pacienty","status":"publish","type":"page","link":"https:\/\/www.neurotouchhealingprague.com\/cs\/oblast-pro-pacienty\/","title":{"rendered":"Oblast pro pacienty"},"content":{"rendered":"<section class=\"ffb-id-1ocpl3il fg-section fg-text-dark\"><div class=\"fg-container container fg-container-large fg-container-lvl--1 \"><div class=\"fg-row row    \" ><div class=\"ffb-id-1ocpl3in fg-col col-xs-12 col-md-4 fg-el-has-bg fg-temp-height fg-text-dark\" data-fg-force-min-height=\"{&quot;breakpoint_1&quot;:{&quot;height&quot;:&quot;&quot;,&quot;offset&quot;:&quot;&quot;},&quot;breakpoint_2&quot;:{&quot;height&quot;:&quot;&quot;,&quot;offset&quot;:&quot;&quot;},&quot;breakpoint_3&quot;:{&quot;height&quot;:&quot;&quot;,&quot;offset&quot;:&quot;&quot;},&quot;breakpoint_4&quot;:{&quot;height&quot;:&quot;&quot;,&quot;offset&quot;:&quot;&quot;}}\" ><span class=\"fg-bg\"><span data-fg-bg=\"{&quot;type&quot;:&quot;color&quot;,&quot;opacity&quot;:1,&quot;color&quot;:&quot;#f7f8fa&quot;}\" class=\"fg-bg-layer fg-bg-type-color \" style=\"opacity: 1; background-color: #f7f8fa;\"><\/span><span data-fg-bg=\"{&quot;type&quot;:&quot;gradient&quot;,&quot;gradient&quot;:&quot;&quot;,&quot;opacity&quot;:1}\" class=\"fg-bg-layer fg-bg-type-gradient \" style=\"opacity: 1; \"><\/span><span data-fg-bg=\"{&quot;type&quot;:&quot;image&quot;,&quot;opacity&quot;:1,&quot;url&quot;:&quot;&quot;,&quot;size&quot;:&quot;cover&quot;,&quot;repeat&quot;:&quot;no-repeat&quot;,&quot;attachment&quot;:&quot;scroll&quot;,&quot;position&quot;:&quot;center center&quot;}\" class=\"fg-bg-layer fg-bg-type-image \" style=\"opacity: 1; background-image: url(&quot;&quot;); background-repeat: no-repeat; background-attachment: scroll; background-position: center center; background-size: cover;\"><\/span><span data-fg-bg=\"{&quot;type&quot;:&quot;video&quot;,&quot;opacity&quot;:1,&quot;variant&quot;:&quot;youtube&quot;,&quot;url&quot;:&quot;&quot;,&quot;width&quot;:16,&quot;height&quot;:9,&quot;shield&quot;:&quot;on&quot;}\" class=\"fg-bg-layer fg-bg-type-video \" data-freshgrid=\"{&quot;type&quot;:&quot;video&quot;,&quot;opacity&quot;:1,&quot;variant&quot;:&quot;youtube&quot;,&quot;url&quot;:&quot;&quot;,&quot;width&quot;:16,&quot;height&quot;:9,&quot;shield&quot;:&quot;on&quot;}\"><\/span><span data-fg-bg=\"{&quot;type&quot;:&quot;slant&quot;,&quot;opacity&quot;:1,&quot;color&quot;:&quot;#ffffff&quot;,&quot;edge&quot;:&quot;top&quot;,&quot;direction&quot;:&quot;up&quot;,&quot;angle&quot;:15}\" class=\"fg-bg-layer fg-bg-type-slant \" style=\"opacity: 1\"><\/span><span data-fg-bg=\"{&quot;type&quot;:&quot;parallax&quot;,&quot;url&quot;:&quot;&quot;,&quot;opacity&quot;:1,&quot;width&quot;:&quot;&quot;,&quot;height&quot;:&quot;&quot;,&quot;speed&quot;:50,&quot;size&quot;:&quot;cover&quot;,&quot;offset_h&quot;:50,&quot;offset_v&quot;:50}\" class=\"fg-bg-layer fg-bg-type-parallax \" style=\"opacity: 1; background-image: url(&quot;&quot;);\"><\/span><\/span><div class=\"ffb-id-958c3k3v ffg-empty-space fg-el-has-bg fg-temp-height fg-text-dark\" data-fg-force-min-height=\"{&quot;breakpoint_1&quot;:{&quot;height&quot;:&quot;&quot;,&quot;offset&quot;:&quot;&quot;},&quot;breakpoint_2&quot;:{&quot;height&quot;:&quot;&quot;,&quot;offset&quot;:&quot;&quot;},&quot;breakpoint_3&quot;:{&quot;height&quot;:&quot;&quot;,&quot;offset&quot;:&quot;&quot;},&quot;breakpoint_4&quot;:{&quot;height&quot;:&quot;&quot;,&quot;offset&quot;:&quot;&quot;}}\" ><span class=\"fg-bg\"><span data-fg-bg=\"{&quot;type&quot;:&quot;color&quot;,&quot;opacity&quot;:1,&quot;color&quot;:&quot;#f7f8fa&quot;}\" class=\"fg-bg-layer fg-bg-type-color \" style=\"opacity: 1; background-color: #f7f8fa;\"><\/span><span data-fg-bg=\"{&quot;type&quot;:&quot;gradient&quot;,&quot;gradient&quot;:&quot;&quot;,&quot;opacity&quot;:1}\" class=\"fg-bg-layer fg-bg-type-gradient \" style=\"opacity: 1; \"><\/span><span data-fg-bg=\"{&quot;type&quot;:&quot;image&quot;,&quot;opacity&quot;:1,&quot;url&quot;:&quot;&quot;,&quot;size&quot;:&quot;cover&quot;,&quot;repeat&quot;:&quot;no-repeat&quot;,&quot;attachment&quot;:&quot;scroll&quot;,&quot;position&quot;:&quot;center center&quot;}\" class=\"fg-bg-layer fg-bg-type-image \" style=\"opacity: 1; background-image: url(&quot;&quot;); background-repeat: no-repeat; background-attachment: scroll; background-position: center center; background-size: cover;\"><\/span><span data-fg-bg=\"{&quot;type&quot;:&quot;video&quot;,&quot;opacity&quot;:1,&quot;variant&quot;:&quot;youtube&quot;,&quot;url&quot;:&quot;&quot;,&quot;width&quot;:16,&quot;height&quot;:9,&quot;shield&quot;:&quot;on&quot;}\" class=\"fg-bg-layer fg-bg-type-video \" data-freshgrid=\"{&quot;type&quot;:&quot;video&quot;,&quot;opacity&quot;:1,&quot;variant&quot;:&quot;youtube&quot;,&quot;url&quot;:&quot;&quot;,&quot;width&quot;:16,&quot;height&quot;:9,&quot;shield&quot;:&quot;on&quot;}\"><\/span><span data-fg-bg=\"{&quot;type&quot;:&quot;slant&quot;,&quot;opacity&quot;:1,&quot;color&quot;:&quot;#ffffff&quot;,&quot;edge&quot;:&quot;top&quot;,&quot;direction&quot;:&quot;up&quot;,&quot;angle&quot;:15}\" class=\"fg-bg-layer fg-bg-type-slant \" style=\"opacity: 1\"><\/span><span data-fg-bg=\"{&quot;type&quot;:&quot;parallax&quot;,&quot;url&quot;:&quot;&quot;,&quot;opacity&quot;:1,&quot;width&quot;:&quot;&quot;,&quot;height&quot;:&quot;&quot;,&quot;speed&quot;:50,&quot;size&quot;:&quot;cover&quot;,&quot;offset_h&quot;:50,&quot;offset_v&quot;:50}\" class=\"fg-bg-layer fg-bg-type-parallax \" style=\"opacity: 1; background-image: url(&quot;&quot;);\"><\/span><\/span><\/div><section class=\"ffb-id-1ocpvbqr section-heading fg-text-dark\"><h2 class=\"fg-text-dark ffb-h2-1\">Our Amazing Work<\/h2><p class=\"fg-text-dark ffb-paragraph-2\">We build the real value<\/p><\/section><\/div><\/div><\/div><\/section><style>.ffb-id-1ocpl3il{ padding-top: 60px;padding-bottom: 60px;}ffb-id-1ocpl3in{ margin-top: ;margin-right: ;margin-bottom: ;margin-left: ;padding-top: ;padding-right: ;padding-bottom: ;padding-left: ;}@media (min-width:768px) { ffb-id-1ocpl3in{ margin-top: ;margin-right: ;margin-bottom: ;margin-left: ;padding-top: ;padding-right: ;padding-bottom: ;padding-left: ;}}@media (min-width:992px) { ffb-id-1ocpl3in{ margin-top: ;margin-right: ;margin-bottom: ;margin-left: ;padding-top: ;padding-right: ;padding-bottom: ;padding-left: ;}}@media (min-width:1200px) { ffb-id-1ocpl3in{ margin-top: ;margin-right: ;margin-bottom: ;margin-left: ;padding-top: ;padding-right: ;padding-bottom: ;padding-left: ;}}ffb-id-1ocpl3in{ border-all: 1px solid rgba(128,128,128,0.4) !important;}ffb-id-1ocpl3in{ box-shadow: 0px 3px 5px 0px rgba(0,0,0,0.18);}ffb-id-1ocpl3in{ border-radius:     !important;}{ border: 10px solid red !important;}ffb-id-958buqta{ margin-top: ;margin-right: ;margin-bottom: ;margin-left: ;padding-top: ;padding-right: ;padding-bottom: ;padding-left: ;}@media (min-width:768px) { ffb-id-958buqta{ margin-top: ;margin-right: ;margin-bottom: ;margin-left: ;padding-top: ;padding-right: ;padding-bottom: ;padding-left: ;}}@media (min-width:992px) { ffb-id-958buqta{ margin-top: ;margin-right: ;margin-bottom: ;margin-left: ;padding-top: ;padding-right: ;padding-bottom: ;padding-left: ;}}@media (min-width:1200px) { ffb-id-958buqta{ margin-top: ;margin-right: ;margin-bottom: ;margin-left: ;padding-top: ;padding-right: ;padding-bottom: ;padding-left: ;}}ffb-id-958buqta{ border-all: 1px solid rgba(128,128,128,0.4) !important;}ffb-id-958buqta{ box-shadow: 0px 3px 5px 0px rgba(0,0,0,0.18);}ffb-id-958buqta{ border-radius:     !important;}{ border: 10px solid red !important;}ffb-id-958c3k3v{ height: 100px;}ffb-id-958c3k3v{ margin-top: ;margin-right: ;margin-bottom: ;margin-left: ;padding-top: ;padding-right: ;padding-bottom: ;padding-left: ;}@media (min-width:768px) { ffb-id-958c3k3v{ margin-top: ;margin-right: ;margin-bottom: ;margin-left: ;padding-top: ;padding-right: ;padding-bottom: ;padding-left: ;}}@media (min-width:992px) { ffb-id-958c3k3v{ margin-top: ;margin-right: ;margin-bottom: ;margin-left: ;padding-top: ;padding-right: ;padding-bottom: ;padding-left: ;}}@media (min-width:1200px) { ffb-id-958c3k3v{ margin-top: ;margin-right: ;margin-bottom: ;margin-left: ;padding-top: ;padding-right: ;padding-bottom: ;padding-left: ;}}ffb-id-958c3k3v{ border-all: 1px solid rgba(128,128,128,0.4) !important;}ffb-id-958c3k3v{ box-shadow: 0px 3px 5px 0px rgba(0,0,0,0.18);}ffb-id-958c3k3v{ border-radius:     !important;}{ border: 10px solid red !important;}<\/style><script type=\"text\/javascript\">(function($){\njQuery(document).ready(function($) { \n$('ffb-id-1ocpl3in').css('background','red');\n});\n\n})(jQuery);\n(function($){\njQuery(document).ready(function($) { \n$('ffb-id-958buqta').css('background','red');\n});\n\n})(jQuery);\n(function($){\njQuery(document).ready(function($) { \n(function($){\njQuery(document).ready(function($) { \n$('ffb-id-958c3k3v').css('background','red');\n});\n\n})(jQuery);\n\n\n});\n\n})(jQuery);\n<\/script>\n","protected":false},"excerpt":{"rendered":"","protected":false},"author":2,"featured_media":0,"parent":0,"menu_order":0,"comment_status":"closed","ping_status":"closed","template":"","meta":{"_acf_changed":false,"footnotes":""},"class_list":["post-3274","page","type-page","status-publish","hentry","post-wrapper"],"acf":[],"yoast_head":"<!-- This site is optimized with the Yoast SEO Premium plugin v26.6 (Yoast SEO v26.6) - https:\/\/yoast.com\/wordpress\/plugins\/seo\/ -->\n<title>Oblast pro pacienty - Daphn\u00e9 LARIVIERE, Neuro-Kinesiologist<\/title>\n<meta name=\"robots\" content=\"index, follow, max-snippet:-1, max-image-preview:large, max-video-preview:-1\" \/>\n<link rel=\"canonical\" href=\"https:\/\/www.neurotouchhealingprague.com\/cs\/oblast-pro-pacienty\/\" \/>\n<meta property=\"og:locale\" content=\"cs_CZ\" \/>\n<meta property=\"og:type\" content=\"article\" \/>\n<meta property=\"og:title\" content=\"Oblast pro pacienty Daphn\u00e9 LARIVIERE, Neuro-Kinesiologist\" \/>\n<meta property=\"og:description\" content=\"Daphn\u00e9 LARIVIERE, Neuro-Kinesiologist\" \/>\n<meta property=\"og:url\" content=\"https:\/\/www.neurotouchhealingprague.com\/cs\/oblast-pro-pacienty\/\" \/>\n<meta property=\"og:site_name\" content=\"Daphn\u00e9 LARIVIERE, Neuro-Kinesiologist\" \/>\n<meta property=\"article:modified_time\" content=\"2026-02-17T18:26:32+00:00\" \/>\n<meta property=\"og:image\" content=\"https:\/\/mlcgp72dfcoe.i.optimole.com\/w:auto\/h:auto\/q:mauto\/f:best\/https:\/\/www.neurotouchhealingprague.com\/wp-content\/uploads\/2025\/12\/users_9e7646fc-33c7-47cf-ae37-bf59eb902cc9_generated_c2bb179e-0088-4a81-856e-b12cc9c36312_generated_video-mov-image-e1766766575592.jpg\" \/>\n\t<meta property=\"og:image:width\" content=\"300\" \/>\n\t<meta property=\"og:image:height\" content=\"300\" \/>\n\t<meta property=\"og:image:type\" content=\"image\/jpeg\" \/>\n<meta name=\"twitter:card\" content=\"summary_large_image\" \/>\n<meta name=\"twitter:label1\" content=\"Odhadovan\u00e1 doba \u010dten\u00ed\" \/>\n\t<meta name=\"twitter:data1\" content=\"2 minuty\" \/>\n<script type=\"application\/ld+json\" class=\"yoast-schema-graph\">{\"@context\":\"https:\/\/schema.org\",\"@graph\":[{\"@type\":\"WebPage\",\"@id\":\"https:\/\/www.neurotouchhealingprague.com\/cs\/oblast-pro-pacienty\/\",\"url\":\"https:\/\/www.neurotouchhealingprague.com\/cs\/oblast-pro-pacienty\/\",\"name\":\"Oblast pro pacienty - Daphn\u00e9 LARIVIERE, Neuro-Kinesiologist\",\"isPartOf\":{\"@id\":\"https:\/\/www.neurotouchhealingprague.com\/#website\"},\"datePublished\":\"2025-12-23T12:20:35+00:00\",\"dateModified\":\"2026-02-17T18:26:32+00:00\",\"breadcrumb\":{\"@id\":\"https:\/\/www.neurotouchhealingprague.com\/cs\/oblast-pro-pacienty\/#breadcrumb\"},\"inLanguage\":\"cs\",\"potentialAction\":[{\"@type\":\"ReadAction\",\"target\":[\"https:\/\/www.neurotouchhealingprague.com\/cs\/oblast-pro-pacienty\/\"]}]},{\"@type\":\"BreadcrumbList\",\"@id\":\"https:\/\/www.neurotouchhealingprague.com\/cs\/oblast-pro-pacienty\/#breadcrumb\",\"itemListElement\":[{\"@type\":\"ListItem\",\"position\":1,\"name\":\"Accueil\",\"item\":\"https:\/\/www.neurotouchhealingprague.com\/cs\/\"},{\"@type\":\"ListItem\",\"position\":2,\"name\":\"Oblast pro pacienty\"}]},{\"@type\":\"WebSite\",\"@id\":\"https:\/\/www.neurotouchhealingprague.com\/#website\",\"url\":\"https:\/\/www.neurotouchhealingprague.com\/\",\"name\":\"Daphn\u00e9 LARIVIERE, Neuro-Kinesiologist\",\"description\":\"Reconnect Your Mind, Heal Your Body\",\"publisher\":{\"@id\":\"https:\/\/www.neurotouchhealingprague.com\/#\/schema\/person\/b896b130ce68285a9f79a24dded2d51c\"},\"potentialAction\":[{\"@type\":\"SearchAction\",\"target\":{\"@type\":\"EntryPoint\",\"urlTemplate\":\"https:\/\/www.neurotouchhealingprague.com\/?s={search_term_string}\"},\"query-input\":{\"@type\":\"PropertyValueSpecification\",\"valueRequired\":true,\"valueName\":\"search_term_string\"}}],\"inLanguage\":\"cs\"},{\"@type\":[\"Person\",\"Organization\"],\"@id\":\"https:\/\/www.neurotouchhealingprague.com\/#\/schema\/person\/b896b130ce68285a9f79a24dded2d51c\",\"name\":\"daphnelariviere\",\"image\":{\"@type\":\"ImageObject\",\"inLanguage\":\"cs\",\"@id\":\"https:\/\/www.neurotouchhealingprague.com\/#\/schema\/person\/image\/\",\"url\":\"https:\/\/mlcgp72dfcoe.i.optimole.com\/w:auto\/h:auto\/q:mauto\/f:best\/https:\/\/www.neurotouchhealingprague.com\/wp-content\/uploads\/2025\/12\/users_9e7646fc-33c7-47cf-ae37-bf59eb902cc9_generated_c2bb179e-0088-4a81-856e-b12cc9c36312_generated_video-mov-image-e1766766575592.jpg\",\"contentUrl\":\"https:\/\/mlcgp72dfcoe.i.optimole.com\/w:auto\/h:auto\/q:mauto\/f:best\/https:\/\/www.neurotouchhealingprague.com\/wp-content\/uploads\/2025\/12\/users_9e7646fc-33c7-47cf-ae37-bf59eb902cc9_generated_c2bb179e-0088-4a81-856e-b12cc9c36312_generated_video-mov-image-e1766766575592.jpg\",\"width\":300,\"height\":300,\"caption\":\"daphnelariviere\"},\"logo\":{\"@id\":\"https:\/\/www.neurotouchhealingprague.com\/#\/schema\/person\/image\/\"}}]}<\/script>\n<!-- \/ Yoast SEO Premium plugin. -->","yoast_head_json":{"title":"Oblast pro pacienty - Daphn\u00e9 LARIVIERE, Neuro-Kinesiologist","robots":{"index":"index","follow":"follow","max-snippet":"max-snippet:-1","max-image-preview":"max-image-preview:large","max-video-preview":"max-video-preview:-1"},"canonical":"https:\/\/www.neurotouchhealingprague.com\/cs\/oblast-pro-pacienty\/","og_locale":"cs_CZ","og_type":"article","og_title":"Oblast pro pacienty Daphn\u00e9 LARIVIERE, Neuro-Kinesiologist","og_description":"Daphn\u00e9 LARIVIERE, Neuro-Kinesiologist","og_url":"https:\/\/www.neurotouchhealingprague.com\/cs\/oblast-pro-pacienty\/","og_site_name":"Daphn\u00e9 LARIVIERE, Neuro-Kinesiologist","article_modified_time":"2026-02-17T18:26:32+00:00","og_image":[{"width":300,"height":300,"url":"https:\/\/mlcgp72dfcoe.i.optimole.com\/w:auto\/h:auto\/q:mauto\/f:best\/https:\/\/www.neurotouchhealingprague.com\/wp-content\/uploads\/2025\/12\/users_9e7646fc-33c7-47cf-ae37-bf59eb902cc9_generated_c2bb179e-0088-4a81-856e-b12cc9c36312_generated_video-mov-image-e1766766575592.jpg","type":"image\/jpeg"}],"twitter_card":"summary_large_image","twitter_misc":{"Odhadovan\u00e1 doba \u010dten\u00ed":"2 minuty"},"schema":{"@context":"https:\/\/schema.org","@graph":[{"@type":"WebPage","@id":"https:\/\/www.neurotouchhealingprague.com\/cs\/oblast-pro-pacienty\/","url":"https:\/\/www.neurotouchhealingprague.com\/cs\/oblast-pro-pacienty\/","name":"Oblast pro pacienty - Daphn\u00e9 LARIVIERE, Neuro-Kinesiologist","isPartOf":{"@id":"https:\/\/www.neurotouchhealingprague.com\/#website"},"datePublished":"2025-12-23T12:20:35+00:00","dateModified":"2026-02-17T18:26:32+00:00","breadcrumb":{"@id":"https:\/\/www.neurotouchhealingprague.com\/cs\/oblast-pro-pacienty\/#breadcrumb"},"inLanguage":"cs","potentialAction":[{"@type":"ReadAction","target":["https:\/\/www.neurotouchhealingprague.com\/cs\/oblast-pro-pacienty\/"]}]},{"@type":"BreadcrumbList","@id":"https:\/\/www.neurotouchhealingprague.com\/cs\/oblast-pro-pacienty\/#breadcrumb","itemListElement":[{"@type":"ListItem","position":1,"name":"Accueil","item":"https:\/\/www.neurotouchhealingprague.com\/cs\/"},{"@type":"ListItem","position":2,"name":"Oblast pro pacienty"}]},{"@type":"WebSite","@id":"https:\/\/www.neurotouchhealingprague.com\/#website","url":"https:\/\/www.neurotouchhealingprague.com\/","name":"Daphn\u00e9 LARIVIERE, Neuro-Kinesiologist","description":"Reconnect Your Mind, Heal Your Body","publisher":{"@id":"https:\/\/www.neurotouchhealingprague.com\/#\/schema\/person\/b896b130ce68285a9f79a24dded2d51c"},"potentialAction":[{"@type":"SearchAction","target":{"@type":"EntryPoint","urlTemplate":"https:\/\/www.neurotouchhealingprague.com\/?s={search_term_string}"},"query-input":{"@type":"PropertyValueSpecification","valueRequired":true,"valueName":"search_term_string"}}],"inLanguage":"cs"},{"@type":["Person","Organization"],"@id":"https:\/\/www.neurotouchhealingprague.com\/#\/schema\/person\/b896b130ce68285a9f79a24dded2d51c","name":"daphnelariviere","image":{"@type":"ImageObject","inLanguage":"cs","@id":"https:\/\/www.neurotouchhealingprague.com\/#\/schema\/person\/image\/","url":"https:\/\/mlcgp72dfcoe.i.optimole.com\/w:auto\/h:auto\/q:mauto\/f:best\/https:\/\/www.neurotouchhealingprague.com\/wp-content\/uploads\/2025\/12\/users_9e7646fc-33c7-47cf-ae37-bf59eb902cc9_generated_c2bb179e-0088-4a81-856e-b12cc9c36312_generated_video-mov-image-e1766766575592.jpg","contentUrl":"https:\/\/mlcgp72dfcoe.i.optimole.com\/w:auto\/h:auto\/q:mauto\/f:best\/https:\/\/www.neurotouchhealingprague.com\/wp-content\/uploads\/2025\/12\/users_9e7646fc-33c7-47cf-ae37-bf59eb902cc9_generated_c2bb179e-0088-4a81-856e-b12cc9c36312_generated_video-mov-image-e1766766575592.jpg","width":300,"height":300,"caption":"daphnelariviere"},"logo":{"@id":"https:\/\/www.neurotouchhealingprague.com\/#\/schema\/person\/image\/"}}]}},"_links":{"self":[{"href":"https:\/\/www.neurotouchhealingprague.com\/cs\/wp-json\/wp\/v2\/pages\/3274","targetHints":{"allow":["GET"]}}],"collection":[{"href":"https:\/\/www.neurotouchhealingprague.com\/cs\/wp-json\/wp\/v2\/pages"}],"about":[{"href":"https:\/\/www.neurotouchhealingprague.com\/cs\/wp-json\/wp\/v2\/types\/page"}],"author":[{"embeddable":true,"href":"https:\/\/www.neurotouchhealingprague.com\/cs\/wp-json\/wp\/v2\/users\/2"}],"replies":[{"embeddable":true,"href":"https:\/\/www.neurotouchhealingprague.com\/cs\/wp-json\/wp\/v2\/comments?post=3274"}],"version-history":[{"count":1,"href":"https:\/\/www.neurotouchhealingprague.com\/cs\/wp-json\/wp\/v2\/pages\/3274\/revisions"}],"predecessor-version":[{"id":3275,"href":"https:\/\/www.neurotouchhealingprague.com\/cs\/wp-json\/wp\/v2\/pages\/3274\/revisions\/3275"}],"wp:attachment":[{"href":"https:\/\/www.neurotouchhealingprague.com\/cs\/wp-json\/wp\/v2\/media?parent=3274"}],"curies":[{"name":"wp","href":"https:\/\/api.w.org\/{rel}","templated":true}]}}