{"id":3286,"date":"2023-10-03T13:33:16","date_gmt":"2023-10-03T11:33:16","guid":{"rendered":"https:\/\/www.neurotouchhealingprague.com\/zasady-pouzivani-souboru-cookie-eu\/"},"modified":"2026-02-17T19:26:37","modified_gmt":"2026-02-17T18:26:37","slug":"zasady-pouzivani-souboru-cookie-eu","status":"publish","type":"page","link":"https:\/\/www.neurotouchhealingprague.com\/cs\/zasady-pouzivani-souboru-cookie-eu\/","title":{"rendered":"Z\u00e1sady pou\u017e\u00edv\u00e1n\u00ed soubor\u016f cookie (EU)"},"content":{"rendered":"<section class=\"ffb-id-ht3us3f fg-section fg-el-has-bg fg-text-dark\"><span class=\"fg-bg\"><span data-fg-bg=\"{&quot;type&quot;:&quot;color&quot;,&quot;opacity&quot;:1,&quot;color&quot;:&quot;#f7f8fa&quot;}\" class=\"fg-bg-layer fg-bg-type-color \" style=\"opacity: 1; background-color: #f7f8fa;\"><\/span><\/span><div class=\"fg-container container fg-container-large fg-container-lvl--1 \"><div class=\"fg-row row    \" ><div class=\"ffb-id-ht3us3h fg-col col-xs-12 col-md-4 fg-el-has-bg fg-temp-height fg-text-dark\" data-fg-force-min-height=\"{&quot;breakpoint_1&quot;:{&quot;height&quot;:&quot;&quot;,&quot;offset&quot;:&quot;&quot;},&quot;breakpoint_2&quot;:{&quot;height&quot;:&quot;&quot;,&quot;offset&quot;:&quot;&quot;},&quot;breakpoint_3&quot;:{&quot;height&quot;:&quot;&quot;,&quot;offset&quot;:&quot;&quot;},&quot;breakpoint_4&quot;:{&quot;height&quot;:&quot;&quot;,&quot;offset&quot;:&quot;&quot;}}\" ><span class=\"fg-bg\"><span data-fg-bg=\"{&quot;type&quot;:&quot;color&quot;,&quot;opacity&quot;:1,&quot;color&quot;:&quot;#f7f8fa&quot;}\" class=\"fg-bg-layer fg-bg-type-color \" style=\"opacity: 1; background-color: #f7f8fa;\"><\/span><span data-fg-bg=\"{&quot;type&quot;:&quot;gradient&quot;,&quot;gradient&quot;:&quot;&quot;,&quot;opacity&quot;:1}\" class=\"fg-bg-layer fg-bg-type-gradient \" style=\"opacity: 1; \"><\/span><span data-fg-bg=\"{&quot;type&quot;:&quot;image&quot;,&quot;opacity&quot;:1,&quot;url&quot;:&quot;&quot;,&quot;size&quot;:&quot;cover&quot;,&quot;repeat&quot;:&quot;no-repeat&quot;,&quot;attachment&quot;:&quot;scroll&quot;,&quot;position&quot;:&quot;center center&quot;}\" class=\"fg-bg-layer fg-bg-type-image \" style=\"opacity: 1; background-image: url(&quot;&quot;); background-repeat: no-repeat; background-attachment: scroll; background-position: center center; background-size: cover;\"><\/span><span data-fg-bg=\"{&quot;type&quot;:&quot;video&quot;,&quot;opacity&quot;:1,&quot;variant&quot;:&quot;youtube&quot;,&quot;url&quot;:&quot;&quot;,&quot;width&quot;:16,&quot;height&quot;:9,&quot;shield&quot;:&quot;on&quot;}\" class=\"fg-bg-layer fg-bg-type-video \" data-freshgrid=\"{&quot;type&quot;:&quot;video&quot;,&quot;opacity&quot;:1,&quot;variant&quot;:&quot;youtube&quot;,&quot;url&quot;:&quot;&quot;,&quot;width&quot;:16,&quot;height&quot;:9,&quot;shield&quot;:&quot;on&quot;}\"><\/span><span data-fg-bg=\"{&quot;type&quot;:&quot;slant&quot;,&quot;opacity&quot;:1,&quot;color&quot;:&quot;#ffffff&quot;,&quot;edge&quot;:&quot;top&quot;,&quot;direction&quot;:&quot;up&quot;,&quot;angle&quot;:15}\" class=\"fg-bg-layer fg-bg-type-slant \" style=\"opacity: 1\"><\/span><span data-fg-bg=\"{&quot;type&quot;:&quot;parallax&quot;,&quot;url&quot;:&quot;&quot;,&quot;opacity&quot;:1,&quot;width&quot;:&quot;&quot;,&quot;height&quot;:&quot;&quot;,&quot;speed&quot;:50,&quot;size&quot;:&quot;cover&quot;,&quot;offset_h&quot;:50,&quot;offset_v&quot;:50}\" class=\"fg-bg-layer fg-bg-type-parallax \" style=\"opacity: 1; background-image: url(&quot;&quot;);\"><\/span><\/span><section class=\"ffb-id-ht3vt16 heading-v1 text-center    fg-text-dark\"><h2 class=\"heading-v1-title fg-text-dark ffb-header-1\">Premium Slider Revolution<\/h2><div class=\"heading-v1-text-content heading-v1-text ff-richtext fg-text-dark ffb-paragraph-2\"><p><em>To help you design even faster, there is a growing array of beautiful premium <a href=\"#\">Slider Revolution<\/a> templates integrated into Ark. All example sliders you find below are included.<\/em><\/p><\/div><\/section><\/div><\/div><\/div><\/section><style>.ffb-id-ht3us3f{ padding-top: 80px;padding-bottom: 80px;}ffb-id-ht3us3h{ margin-top: ;margin-right: ;margin-bottom: ;margin-left: ;padding-top: ;padding-right: ;padding-bottom: ;padding-left: ;}@media (min-width:768px) { ffb-id-ht3us3h{ margin-top: ;margin-right: ;margin-bottom: ;margin-left: ;padding-top: ;padding-right: ;padding-bottom: ;padding-left: ;}}@media (min-width:992px) { ffb-id-ht3us3h{ margin-top: ;margin-right: ;margin-bottom: ;margin-left: ;padding-top: ;padding-right: ;padding-bottom: ;padding-left: ;}}@media (min-width:1200px) { ffb-id-ht3us3h{ margin-top: ;margin-right: ;margin-bottom: ;margin-left: ;padding-top: ;padding-right: ;padding-bottom: ;padding-left: ;}}ffb-id-ht3us3h{ border-all: 1px solid rgba(128,128,128,0.4) !important;}ffb-id-ht3us3h{ box-shadow: 0px 3px 5px 0px rgba(0,0,0,0.18);}ffb-id-ht3us3h{ border-radius:     !important;}{ border: 10px solid red !important;}<\/style><script type=\"text\/javascript\">(function($){\njQuery(document).ready(function($) { \n$('ffb-id-ht3us3h').css('background','red');\n});\n\n})(jQuery);\n<\/script>","protected":false},"excerpt":{"rendered":"","protected":false},"author":1,"featured_media":0,"parent":0,"menu_order":0,"comment_status":"closed","ping_status":"closed","template":"","meta":{"_acf_changed":false,"footnotes":""},"class_list":["post-3286","page","type-page","status-publish","hentry","post-wrapper"],"acf":[],"yoast_head":"<!-- This site is optimized with the Yoast SEO Premium plugin v26.6 (Yoast SEO v26.6) - https:\/\/yoast.com\/wordpress\/plugins\/seo\/ -->\n<title>Z\u00e1sady pou\u017e\u00edv\u00e1n\u00ed soubor\u016f cookie (EU) - Daphn\u00e9 LARIVIERE, Neuro-Kinesiologist<\/title>\n<meta name=\"robots\" content=\"noindex, follow\" \/>\n<meta property=\"og:locale\" content=\"cs_CZ\" \/>\n<meta property=\"og:type\" content=\"article\" \/>\n<meta property=\"og:title\" content=\"Z\u00e1sady pou\u017e\u00edv\u00e1n\u00ed soubor\u016f cookie (EU) Daphn\u00e9 LARIVIERE, Neuro-Kinesiologist\" \/>\n<meta property=\"og:description\" content=\"Daphn\u00e9 LARIVIERE, Neuro-Kinesiologist\" \/>\n<meta property=\"og:url\" content=\"https:\/\/www.neurotouchhealingprague.com\/cs\/zasady-pouzivani-souboru-cookie-eu\/\" \/>\n<meta property=\"og:site_name\" content=\"Daphn\u00e9 LARIVIERE, Neuro-Kinesiologist\" \/>\n<meta property=\"article:modified_time\" content=\"2026-02-17T18:26:37+00:00\" \/>\n<meta property=\"og:image\" content=\"https:\/\/mlcgp72dfcoe.i.optimole.com\/w:auto\/h:auto\/q:mauto\/f:best\/https:\/\/www.neurotouchhealingprague.com\/wp-content\/uploads\/2025\/12\/users_9e7646fc-33c7-47cf-ae37-bf59eb902cc9_generated_c2bb179e-0088-4a81-856e-b12cc9c36312_generated_video-mov-image-e1766766575592.jpg\" \/>\n\t<meta property=\"og:image:width\" content=\"300\" \/>\n\t<meta property=\"og:image:height\" content=\"300\" \/>\n\t<meta property=\"og:image:type\" content=\"image\/jpeg\" \/>\n<meta name=\"twitter:card\" content=\"summary_large_image\" \/>\n<meta name=\"twitter:label1\" content=\"Odhadovan\u00e1 doba \u010dten\u00ed\" \/>\n\t<meta name=\"twitter:data1\" content=\"2 minuty\" \/>\n<script type=\"application\/ld+json\" class=\"yoast-schema-graph\">{\"@context\":\"https:\/\/schema.org\",\"@graph\":[{\"@type\":\"WebPage\",\"@id\":\"https:\/\/www.neurotouchhealingprague.com\/cs\/zasady-pouzivani-souboru-cookie-eu\/\",\"url\":\"https:\/\/www.neurotouchhealingprague.com\/cs\/zasady-pouzivani-souboru-cookie-eu\/\",\"name\":\"Z\u00e1sady pou\u017e\u00edv\u00e1n\u00ed soubor\u016f cookie (EU) - Daphn\u00e9 LARIVIERE, Neuro-Kinesiologist\",\"isPartOf\":{\"@id\":\"https:\/\/www.neurotouchhealingprague.com\/#website\"},\"datePublished\":\"2023-10-03T11:33:16+00:00\",\"dateModified\":\"2026-02-17T18:26:37+00:00\",\"breadcrumb\":{\"@id\":\"https:\/\/www.neurotouchhealingprague.com\/cs\/zasady-pouzivani-souboru-cookie-eu\/#breadcrumb\"},\"inLanguage\":\"cs\",\"potentialAction\":[{\"@type\":\"ReadAction\",\"target\":[\"https:\/\/www.neurotouchhealingprague.com\/cs\/zasady-pouzivani-souboru-cookie-eu\/\"]}]},{\"@type\":\"BreadcrumbList\",\"@id\":\"https:\/\/www.neurotouchhealingprague.com\/cs\/zasady-pouzivani-souboru-cookie-eu\/#breadcrumb\",\"itemListElement\":[{\"@type\":\"ListItem\",\"position\":1,\"name\":\"Accueil\",\"item\":\"https:\/\/www.neurotouchhealingprague.com\/cs\/\"},{\"@type\":\"ListItem\",\"position\":2,\"name\":\"Z\u00e1sady pou\u017e\u00edv\u00e1n\u00ed soubor\u016f cookie (EU)\"}]},{\"@type\":\"WebSite\",\"@id\":\"https:\/\/www.neurotouchhealingprague.com\/#website\",\"url\":\"https:\/\/www.neurotouchhealingprague.com\/\",\"name\":\"Daphn\u00e9 LARIVIERE, Neuro-Kinesiologist\",\"description\":\"Reconnect Your Mind, Heal Your Body\",\"publisher\":{\"@id\":\"https:\/\/www.neurotouchhealingprague.com\/#\/schema\/person\/b896b130ce68285a9f79a24dded2d51c\"},\"potentialAction\":[{\"@type\":\"SearchAction\",\"target\":{\"@type\":\"EntryPoint\",\"urlTemplate\":\"https:\/\/www.neurotouchhealingprague.com\/?s={search_term_string}\"},\"query-input\":{\"@type\":\"PropertyValueSpecification\",\"valueRequired\":true,\"valueName\":\"search_term_string\"}}],\"inLanguage\":\"cs\"},{\"@type\":[\"Person\",\"Organization\"],\"@id\":\"https:\/\/www.neurotouchhealingprague.com\/#\/schema\/person\/b896b130ce68285a9f79a24dded2d51c\",\"name\":\"daphnelariviere\",\"image\":{\"@type\":\"ImageObject\",\"inLanguage\":\"cs\",\"@id\":\"https:\/\/www.neurotouchhealingprague.com\/#\/schema\/person\/image\/\",\"url\":\"https:\/\/mlcgp72dfcoe.i.optimole.com\/w:auto\/h:auto\/q:mauto\/f:best\/https:\/\/www.neurotouchhealingprague.com\/wp-content\/uploads\/2025\/12\/users_9e7646fc-33c7-47cf-ae37-bf59eb902cc9_generated_c2bb179e-0088-4a81-856e-b12cc9c36312_generated_video-mov-image-e1766766575592.jpg\",\"contentUrl\":\"https:\/\/mlcgp72dfcoe.i.optimole.com\/w:auto\/h:auto\/q:mauto\/f:best\/https:\/\/www.neurotouchhealingprague.com\/wp-content\/uploads\/2025\/12\/users_9e7646fc-33c7-47cf-ae37-bf59eb902cc9_generated_c2bb179e-0088-4a81-856e-b12cc9c36312_generated_video-mov-image-e1766766575592.jpg\",\"width\":300,\"height\":300,\"caption\":\"daphnelariviere\"},\"logo\":{\"@id\":\"https:\/\/www.neurotouchhealingprague.com\/#\/schema\/person\/image\/\"}}]}<\/script>\n<!-- \/ Yoast SEO Premium plugin. -->","yoast_head_json":{"title":"Z\u00e1sady pou\u017e\u00edv\u00e1n\u00ed soubor\u016f cookie (EU) - Daphn\u00e9 LARIVIERE, Neuro-Kinesiologist","robots":{"index":"noindex","follow":"follow"},"og_locale":"cs_CZ","og_type":"article","og_title":"Z\u00e1sady pou\u017e\u00edv\u00e1n\u00ed soubor\u016f cookie (EU) Daphn\u00e9 LARIVIERE, Neuro-Kinesiologist","og_description":"Daphn\u00e9 LARIVIERE, Neuro-Kinesiologist","og_url":"https:\/\/www.neurotouchhealingprague.com\/cs\/zasady-pouzivani-souboru-cookie-eu\/","og_site_name":"Daphn\u00e9 LARIVIERE, Neuro-Kinesiologist","article_modified_time":"2026-02-17T18:26:37+00:00","og_image":[{"width":300,"height":300,"url":"https:\/\/mlcgp72dfcoe.i.optimole.com\/w:auto\/h:auto\/q:mauto\/f:best\/https:\/\/www.neurotouchhealingprague.com\/wp-content\/uploads\/2025\/12\/users_9e7646fc-33c7-47cf-ae37-bf59eb902cc9_generated_c2bb179e-0088-4a81-856e-b12cc9c36312_generated_video-mov-image-e1766766575592.jpg","type":"image\/jpeg"}],"twitter_card":"summary_large_image","twitter_misc":{"Odhadovan\u00e1 doba \u010dten\u00ed":"2 minuty"},"schema":{"@context":"https:\/\/schema.org","@graph":[{"@type":"WebPage","@id":"https:\/\/www.neurotouchhealingprague.com\/cs\/zasady-pouzivani-souboru-cookie-eu\/","url":"https:\/\/www.neurotouchhealingprague.com\/cs\/zasady-pouzivani-souboru-cookie-eu\/","name":"Z\u00e1sady pou\u017e\u00edv\u00e1n\u00ed soubor\u016f cookie (EU) - Daphn\u00e9 LARIVIERE, Neuro-Kinesiologist","isPartOf":{"@id":"https:\/\/www.neurotouchhealingprague.com\/#website"},"datePublished":"2023-10-03T11:33:16+00:00","dateModified":"2026-02-17T18:26:37+00:00","breadcrumb":{"@id":"https:\/\/www.neurotouchhealingprague.com\/cs\/zasady-pouzivani-souboru-cookie-eu\/#breadcrumb"},"inLanguage":"cs","potentialAction":[{"@type":"ReadAction","target":["https:\/\/www.neurotouchhealingprague.com\/cs\/zasady-pouzivani-souboru-cookie-eu\/"]}]},{"@type":"BreadcrumbList","@id":"https:\/\/www.neurotouchhealingprague.com\/cs\/zasady-pouzivani-souboru-cookie-eu\/#breadcrumb","itemListElement":[{"@type":"ListItem","position":1,"name":"Accueil","item":"https:\/\/www.neurotouchhealingprague.com\/cs\/"},{"@type":"ListItem","position":2,"name":"Z\u00e1sady pou\u017e\u00edv\u00e1n\u00ed soubor\u016f cookie (EU)"}]},{"@type":"WebSite","@id":"https:\/\/www.neurotouchhealingprague.com\/#website","url":"https:\/\/www.neurotouchhealingprague.com\/","name":"Daphn\u00e9 LARIVIERE, Neuro-Kinesiologist","description":"Reconnect Your Mind, Heal Your Body","publisher":{"@id":"https:\/\/www.neurotouchhealingprague.com\/#\/schema\/person\/b896b130ce68285a9f79a24dded2d51c"},"potentialAction":[{"@type":"SearchAction","target":{"@type":"EntryPoint","urlTemplate":"https:\/\/www.neurotouchhealingprague.com\/?s={search_term_string}"},"query-input":{"@type":"PropertyValueSpecification","valueRequired":true,"valueName":"search_term_string"}}],"inLanguage":"cs"},{"@type":["Person","Organization"],"@id":"https:\/\/www.neurotouchhealingprague.com\/#\/schema\/person\/b896b130ce68285a9f79a24dded2d51c","name":"daphnelariviere","image":{"@type":"ImageObject","inLanguage":"cs","@id":"https:\/\/www.neurotouchhealingprague.com\/#\/schema\/person\/image\/","url":"https:\/\/mlcgp72dfcoe.i.optimole.com\/w:auto\/h:auto\/q:mauto\/f:best\/https:\/\/www.neurotouchhealingprague.com\/wp-content\/uploads\/2025\/12\/users_9e7646fc-33c7-47cf-ae37-bf59eb902cc9_generated_c2bb179e-0088-4a81-856e-b12cc9c36312_generated_video-mov-image-e1766766575592.jpg","contentUrl":"https:\/\/mlcgp72dfcoe.i.optimole.com\/w:auto\/h:auto\/q:mauto\/f:best\/https:\/\/www.neurotouchhealingprague.com\/wp-content\/uploads\/2025\/12\/users_9e7646fc-33c7-47cf-ae37-bf59eb902cc9_generated_c2bb179e-0088-4a81-856e-b12cc9c36312_generated_video-mov-image-e1766766575592.jpg","width":300,"height":300,"caption":"daphnelariviere"},"logo":{"@id":"https:\/\/www.neurotouchhealingprague.com\/#\/schema\/person\/image\/"}}]}},"_links":{"self":[{"href":"https:\/\/www.neurotouchhealingprague.com\/cs\/wp-json\/wp\/v2\/pages\/3286","targetHints":{"allow":["GET"]}}],"collection":[{"href":"https:\/\/www.neurotouchhealingprague.com\/cs\/wp-json\/wp\/v2\/pages"}],"about":[{"href":"https:\/\/www.neurotouchhealingprague.com\/cs\/wp-json\/wp\/v2\/types\/page"}],"author":[{"embeddable":true,"href":"https:\/\/www.neurotouchhealingprague.com\/cs\/wp-json\/wp\/v2\/users\/1"}],"replies":[{"embeddable":true,"href":"https:\/\/www.neurotouchhealingprague.com\/cs\/wp-json\/wp\/v2\/comments?post=3286"}],"version-history":[{"count":1,"href":"https:\/\/www.neurotouchhealingprague.com\/cs\/wp-json\/wp\/v2\/pages\/3286\/revisions"}],"predecessor-version":[{"id":3287,"href":"https:\/\/www.neurotouchhealingprague.com\/cs\/wp-json\/wp\/v2\/pages\/3286\/revisions\/3287"}],"wp:attachment":[{"href":"https:\/\/www.neurotouchhealingprague.com\/cs\/wp-json\/wp\/v2\/media?parent=3286"}],"curies":[{"name":"wp","href":"https:\/\/api.w.org\/{rel}","templated":true}]}}