{"id":2,"date":"2023-02-25T10:56:06","date_gmt":"2023-02-25T10:56:06","guid":{"rendered":"https:\/\/www.neurotouchhealingprague.com\/?page_id=2"},"modified":"2025-12-29T17:39:19","modified_gmt":"2025-12-29T16:39:19","slug":"mentions-legales","status":"publish","type":"page","link":"https:\/\/www.neurotouchhealingprague.com\/fr\/mentions-legales\/","title":{"rendered":"Mentions l\u00e9gales"},"content":{"rendered":"<section class=\"ffb-id-hvdv16h fg-section fg-text-dark\"><div class=\"fg-container container fg-container-large fg-container-lvl--1 \"><div class=\"fg-row row    \" ><div class=\"ffb-id-hvdv16i fg-col col-xs-12 col-md-4 fg-el-has-bg fg-temp-height fg-text-dark\" data-fg-force-min-height=\"{&quot;breakpoint_1&quot;:{&quot;height&quot;:&quot;&quot;,&quot;offset&quot;:&quot;&quot;},&quot;breakpoint_2&quot;:{&quot;height&quot;:&quot;&quot;,&quot;offset&quot;:&quot;&quot;},&quot;breakpoint_3&quot;:{&quot;height&quot;:&quot;&quot;,&quot;offset&quot;:&quot;&quot;},&quot;breakpoint_4&quot;:{&quot;height&quot;:&quot;&quot;,&quot;offset&quot;:&quot;&quot;}}\" ><span class=\"fg-bg\"><span data-fg-bg=\"{&quot;type&quot;:&quot;color&quot;,&quot;opacity&quot;:1,&quot;color&quot;:&quot;#f7f8fa&quot;}\" class=\"fg-bg-layer fg-bg-type-color \" style=\"opacity: 1; background-color: #f7f8fa;\"><\/span><span data-fg-bg=\"{&quot;type&quot;:&quot;gradient&quot;,&quot;gradient&quot;:&quot;&quot;,&quot;opacity&quot;:1}\" class=\"fg-bg-layer fg-bg-type-gradient \" style=\"opacity: 1; \"><\/span><span data-fg-bg=\"{&quot;type&quot;:&quot;image&quot;,&quot;opacity&quot;:1,&quot;url&quot;:&quot;&quot;,&quot;size&quot;:&quot;cover&quot;,&quot;repeat&quot;:&quot;no-repeat&quot;,&quot;attachment&quot;:&quot;scroll&quot;,&quot;position&quot;:&quot;center center&quot;}\" class=\"fg-bg-layer fg-bg-type-image \" style=\"opacity: 1; background-image: url(&quot;&quot;); background-repeat: no-repeat; background-attachment: scroll; background-position: center center; background-size: cover;\"><\/span><span data-fg-bg=\"{&quot;type&quot;:&quot;video&quot;,&quot;opacity&quot;:1,&quot;variant&quot;:&quot;youtube&quot;,&quot;url&quot;:&quot;&quot;,&quot;width&quot;:16,&quot;height&quot;:9,&quot;shield&quot;:&quot;on&quot;}\" class=\"fg-bg-layer fg-bg-type-video \" data-freshgrid=\"{&quot;type&quot;:&quot;video&quot;,&quot;opacity&quot;:1,&quot;variant&quot;:&quot;youtube&quot;,&quot;url&quot;:&quot;&quot;,&quot;width&quot;:16,&quot;height&quot;:9,&quot;shield&quot;:&quot;on&quot;}\"><\/span><span data-fg-bg=\"{&quot;type&quot;:&quot;slant&quot;,&quot;opacity&quot;:1,&quot;color&quot;:&quot;#ffffff&quot;,&quot;edge&quot;:&quot;top&quot;,&quot;direction&quot;:&quot;up&quot;,&quot;angle&quot;:15}\" class=\"fg-bg-layer fg-bg-type-slant \" style=\"opacity: 1\"><\/span><span data-fg-bg=\"{&quot;type&quot;:&quot;parallax&quot;,&quot;url&quot;:&quot;&quot;,&quot;opacity&quot;:1,&quot;width&quot;:&quot;&quot;,&quot;height&quot;:&quot;&quot;,&quot;speed&quot;:50,&quot;size&quot;:&quot;cover&quot;,&quot;offset_h&quot;:50,&quot;offset_v&quot;:50}\" class=\"fg-bg-layer fg-bg-type-parallax \" style=\"opacity: 1; background-image: url(&quot;&quot;);\"><\/span><\/span><p class=\"ffb-id-pk3copb fg-paragraph text-left    fg-text-dark\">Lorem ipsum dolor sit amet, consectetur adipiscing elit. Duis sed cursus sapien, vitae fringilla sem. Duis convallis vel nunc at laoreet.<\/p><\/div><\/div><\/div><\/section><style>.ffb-id-hvdv16h{ padding-top: 80px;padding-bottom: 80px;}ffb-id-hvdv16i{ margin-top: ;margin-right: ;margin-bottom: ;margin-left: ;padding-top: ;padding-right: ;padding-bottom: ;padding-left: ;}@media (min-width:768px) { ffb-id-hvdv16i{ margin-top: ;margin-right: ;margin-bottom: ;margin-left: ;padding-top: ;padding-right: ;padding-bottom: ;padding-left: ;}}@media (min-width:992px) { ffb-id-hvdv16i{ margin-top: ;margin-right: ;margin-bottom: ;margin-left: ;padding-top: ;padding-right: ;padding-bottom: ;padding-left: ;}}@media (min-width:1200px) { ffb-id-hvdv16i{ margin-top: ;margin-right: ;margin-bottom: ;margin-left: ;padding-top: ;padding-right: ;padding-bottom: ;padding-left: ;}}ffb-id-hvdv16i{ border-all: 1px solid rgba(128,128,128,0.4) !important;}ffb-id-hvdv16i{ box-shadow: 0px 3px 5px 0px rgba(0,0,0,0.18);}ffb-id-hvdv16i{ border-radius:     !important;}{ border: 10px solid red !important;}<\/style><script type=\"text\/javascript\">(function($){\njQuery(document).ready(function($) { \n$('ffb-id-hvdv16i').css('background','red');\n});\n\n})(jQuery);\n<\/script>\n","protected":false},"excerpt":{"rendered":"","protected":false},"author":1,"featured_media":0,"parent":0,"menu_order":0,"comment_status":"closed","ping_status":"open","template":"","meta":{"_acf_changed":false,"footnotes":""},"class_list":["post-2","page","type-page","status-publish","hentry","post-wrapper"],"acf":[],"yoast_head":"<!-- This site is optimized with the Yoast SEO Premium plugin v26.6 (Yoast SEO v26.6) - https:\/\/yoast.com\/wordpress\/plugins\/seo\/ -->\n<title>Mentions l\u00e9gales - Daphn\u00e9 LARIVIERE, Neuro-Kinesiologist<\/title>\n<meta name=\"robots\" content=\"index, follow, max-snippet:-1, max-image-preview:large, max-video-preview:-1\" \/>\n<link rel=\"canonical\" href=\"https:\/\/www.neurotouchhealingprague.com\/mentions-legales\/\" \/>\n<meta property=\"og:locale\" content=\"fr_FR\" \/>\n<meta property=\"og:type\" content=\"article\" \/>\n<meta property=\"og:title\" content=\"Mentions l\u00e9gales Daphn\u00e9 LARIVIERE, Neuro-Kinesiologist\" \/>\n<meta property=\"og:description\" content=\"Daphn\u00e9 LARIVIERE, Neuro-Kinesiologist\" \/>\n<meta property=\"og:url\" content=\"https:\/\/www.neurotouchhealingprague.com\/mentions-legales\/\" \/>\n<meta property=\"og:site_name\" content=\"Daphn\u00e9 LARIVIERE, Neuro-Kinesiologist\" \/>\n<meta property=\"article:modified_time\" content=\"2025-12-29T16:39:19+00:00\" \/>\n<meta property=\"og:image\" content=\"https:\/\/mlcgp72dfcoe.i.optimole.com\/w:auto\/h:auto\/q:mauto\/f:best\/https:\/\/www.neurotouchhealingprague.com\/wp-content\/uploads\/2025\/12\/users_9e7646fc-33c7-47cf-ae37-bf59eb902cc9_generated_c2bb179e-0088-4a81-856e-b12cc9c36312_generated_video-mov-image-e1766766575592.jpg\" \/>\n\t<meta property=\"og:image:width\" content=\"300\" \/>\n\t<meta property=\"og:image:height\" content=\"300\" \/>\n\t<meta property=\"og:image:type\" content=\"image\/jpeg\" \/>\n<meta name=\"twitter:card\" content=\"summary_large_image\" \/>\n<meta name=\"twitter:label1\" content=\"Dur\u00e9e de lecture estim\u00e9e\" \/>\n\t<meta name=\"twitter:data1\" content=\"7 minutes\" \/>\n<script type=\"application\/ld+json\" class=\"yoast-schema-graph\">{\"@context\":\"https:\/\/schema.org\",\"@graph\":[{\"@type\":\"WebPage\",\"@id\":\"https:\/\/www.neurotouchhealingprague.com\/mentions-legales\/\",\"url\":\"https:\/\/www.neurotouchhealingprague.com\/mentions-legales\/\",\"name\":\"Mentions l\u00e9gales - Daphn\u00e9 LARIVIERE, Neuro-Kinesiologist\",\"isPartOf\":{\"@id\":\"https:\/\/www.neurotouchhealingprague.com\/#website\"},\"datePublished\":\"2023-02-25T10:56:06+00:00\",\"dateModified\":\"2025-12-29T16:39:19+00:00\",\"breadcrumb\":{\"@id\":\"https:\/\/www.neurotouchhealingprague.com\/mentions-legales\/#breadcrumb\"},\"inLanguage\":\"fr-FR\",\"potentialAction\":[{\"@type\":\"ReadAction\",\"target\":[\"https:\/\/www.neurotouchhealingprague.com\/mentions-legales\/\"]}]},{\"@type\":\"BreadcrumbList\",\"@id\":\"https:\/\/www.neurotouchhealingprague.com\/mentions-legales\/#breadcrumb\",\"itemListElement\":[{\"@type\":\"ListItem\",\"position\":1,\"name\":\"Accueil\",\"item\":\"https:\/\/www.neurotouchhealingprague.com\/fr\/\"},{\"@type\":\"ListItem\",\"position\":2,\"name\":\"Mentions l\u00e9gales\"}]},{\"@type\":\"WebSite\",\"@id\":\"https:\/\/www.neurotouchhealingprague.com\/#website\",\"url\":\"https:\/\/www.neurotouchhealingprague.com\/\",\"name\":\"Daphn\u00e9 LARIVIERE, Neuro-Kinesiologist\",\"description\":\"Reconnect Your Mind, Heal Your Body\",\"publisher\":{\"@id\":\"https:\/\/www.neurotouchhealingprague.com\/#\/schema\/person\/b896b130ce68285a9f79a24dded2d51c\"},\"potentialAction\":[{\"@type\":\"SearchAction\",\"target\":{\"@type\":\"EntryPoint\",\"urlTemplate\":\"https:\/\/www.neurotouchhealingprague.com\/?s={search_term_string}\"},\"query-input\":{\"@type\":\"PropertyValueSpecification\",\"valueRequired\":true,\"valueName\":\"search_term_string\"}}],\"inLanguage\":\"fr-FR\"},{\"@type\":[\"Person\",\"Organization\"],\"@id\":\"https:\/\/www.neurotouchhealingprague.com\/#\/schema\/person\/b896b130ce68285a9f79a24dded2d51c\",\"name\":\"daphnelariviere\",\"image\":{\"@type\":\"ImageObject\",\"inLanguage\":\"fr-FR\",\"@id\":\"https:\/\/www.neurotouchhealingprague.com\/#\/schema\/person\/image\/\",\"url\":\"https:\/\/mlcgp72dfcoe.i.optimole.com\/w:auto\/h:auto\/q:mauto\/f:best\/https:\/\/www.neurotouchhealingprague.com\/wp-content\/uploads\/2025\/12\/users_9e7646fc-33c7-47cf-ae37-bf59eb902cc9_generated_c2bb179e-0088-4a81-856e-b12cc9c36312_generated_video-mov-image-e1766766575592.jpg\",\"contentUrl\":\"https:\/\/mlcgp72dfcoe.i.optimole.com\/w:auto\/h:auto\/q:mauto\/f:best\/https:\/\/www.neurotouchhealingprague.com\/wp-content\/uploads\/2025\/12\/users_9e7646fc-33c7-47cf-ae37-bf59eb902cc9_generated_c2bb179e-0088-4a81-856e-b12cc9c36312_generated_video-mov-image-e1766766575592.jpg\",\"width\":300,\"height\":300,\"caption\":\"daphnelariviere\"},\"logo\":{\"@id\":\"https:\/\/www.neurotouchhealingprague.com\/#\/schema\/person\/image\/\"}}]}<\/script>\n<!-- \/ Yoast SEO Premium plugin. -->","yoast_head_json":{"title":"Mentions l\u00e9gales - Daphn\u00e9 LARIVIERE, Neuro-Kinesiologist","robots":{"index":"index","follow":"follow","max-snippet":"max-snippet:-1","max-image-preview":"max-image-preview:large","max-video-preview":"max-video-preview:-1"},"canonical":"https:\/\/www.neurotouchhealingprague.com\/mentions-legales\/","og_locale":"fr_FR","og_type":"article","og_title":"Mentions l\u00e9gales Daphn\u00e9 LARIVIERE, Neuro-Kinesiologist","og_description":"Daphn\u00e9 LARIVIERE, Neuro-Kinesiologist","og_url":"https:\/\/www.neurotouchhealingprague.com\/mentions-legales\/","og_site_name":"Daphn\u00e9 LARIVIERE, Neuro-Kinesiologist","article_modified_time":"2025-12-29T16:39:19+00:00","og_image":[{"width":300,"height":300,"url":"https:\/\/mlcgp72dfcoe.i.optimole.com\/w:auto\/h:auto\/q:mauto\/f:best\/https:\/\/www.neurotouchhealingprague.com\/wp-content\/uploads\/2025\/12\/users_9e7646fc-33c7-47cf-ae37-bf59eb902cc9_generated_c2bb179e-0088-4a81-856e-b12cc9c36312_generated_video-mov-image-e1766766575592.jpg","type":"image\/jpeg"}],"twitter_card":"summary_large_image","twitter_misc":{"Dur\u00e9e de lecture estim\u00e9e":"7 minutes"},"schema":{"@context":"https:\/\/schema.org","@graph":[{"@type":"WebPage","@id":"https:\/\/www.neurotouchhealingprague.com\/mentions-legales\/","url":"https:\/\/www.neurotouchhealingprague.com\/mentions-legales\/","name":"Mentions l\u00e9gales - Daphn\u00e9 LARIVIERE, Neuro-Kinesiologist","isPartOf":{"@id":"https:\/\/www.neurotouchhealingprague.com\/#website"},"datePublished":"2023-02-25T10:56:06+00:00","dateModified":"2025-12-29T16:39:19+00:00","breadcrumb":{"@id":"https:\/\/www.neurotouchhealingprague.com\/mentions-legales\/#breadcrumb"},"inLanguage":"fr-FR","potentialAction":[{"@type":"ReadAction","target":["https:\/\/www.neurotouchhealingprague.com\/mentions-legales\/"]}]},{"@type":"BreadcrumbList","@id":"https:\/\/www.neurotouchhealingprague.com\/mentions-legales\/#breadcrumb","itemListElement":[{"@type":"ListItem","position":1,"name":"Accueil","item":"https:\/\/www.neurotouchhealingprague.com\/fr\/"},{"@type":"ListItem","position":2,"name":"Mentions l\u00e9gales"}]},{"@type":"WebSite","@id":"https:\/\/www.neurotouchhealingprague.com\/#website","url":"https:\/\/www.neurotouchhealingprague.com\/","name":"Daphn\u00e9 LARIVIERE, Neuro-Kinesiologist","description":"Reconnect Your Mind, Heal Your Body","publisher":{"@id":"https:\/\/www.neurotouchhealingprague.com\/#\/schema\/person\/b896b130ce68285a9f79a24dded2d51c"},"potentialAction":[{"@type":"SearchAction","target":{"@type":"EntryPoint","urlTemplate":"https:\/\/www.neurotouchhealingprague.com\/?s={search_term_string}"},"query-input":{"@type":"PropertyValueSpecification","valueRequired":true,"valueName":"search_term_string"}}],"inLanguage":"fr-FR"},{"@type":["Person","Organization"],"@id":"https:\/\/www.neurotouchhealingprague.com\/#\/schema\/person\/b896b130ce68285a9f79a24dded2d51c","name":"daphnelariviere","image":{"@type":"ImageObject","inLanguage":"fr-FR","@id":"https:\/\/www.neurotouchhealingprague.com\/#\/schema\/person\/image\/","url":"https:\/\/mlcgp72dfcoe.i.optimole.com\/w:auto\/h:auto\/q:mauto\/f:best\/https:\/\/www.neurotouchhealingprague.com\/wp-content\/uploads\/2025\/12\/users_9e7646fc-33c7-47cf-ae37-bf59eb902cc9_generated_c2bb179e-0088-4a81-856e-b12cc9c36312_generated_video-mov-image-e1766766575592.jpg","contentUrl":"https:\/\/mlcgp72dfcoe.i.optimole.com\/w:auto\/h:auto\/q:mauto\/f:best\/https:\/\/www.neurotouchhealingprague.com\/wp-content\/uploads\/2025\/12\/users_9e7646fc-33c7-47cf-ae37-bf59eb902cc9_generated_c2bb179e-0088-4a81-856e-b12cc9c36312_generated_video-mov-image-e1766766575592.jpg","width":300,"height":300,"caption":"daphnelariviere"},"logo":{"@id":"https:\/\/www.neurotouchhealingprague.com\/#\/schema\/person\/image\/"}}]}},"_links":{"self":[{"href":"https:\/\/www.neurotouchhealingprague.com\/fr\/wp-json\/wp\/v2\/pages\/2","targetHints":{"allow":["GET"]}}],"collection":[{"href":"https:\/\/www.neurotouchhealingprague.com\/fr\/wp-json\/wp\/v2\/pages"}],"about":[{"href":"https:\/\/www.neurotouchhealingprague.com\/fr\/wp-json\/wp\/v2\/types\/page"}],"author":[{"embeddable":true,"href":"https:\/\/www.neurotouchhealingprague.com\/fr\/wp-json\/wp\/v2\/users\/1"}],"replies":[{"embeddable":true,"href":"https:\/\/www.neurotouchhealingprague.com\/fr\/wp-json\/wp\/v2\/comments?post=2"}],"version-history":[{"count":10,"href":"https:\/\/www.neurotouchhealingprague.com\/fr\/wp-json\/wp\/v2\/pages\/2\/revisions"}],"predecessor-version":[{"id":3987,"href":"https:\/\/www.neurotouchhealingprague.com\/fr\/wp-json\/wp\/v2\/pages\/2\/revisions\/3987"}],"wp:attachment":[{"href":"https:\/\/www.neurotouchhealingprague.com\/fr\/wp-json\/wp\/v2\/media?parent=2"}],"curies":[{"name":"wp","href":"https:\/\/api.w.org\/{rel}","templated":true}]}}